{"id":263,"date":"2023-12-14T16:44:44","date_gmt":"2023-12-14T15:44:44","guid":{"rendered":"https:\/\/www.cafe96.cz\/?page_id=263"},"modified":"2025-03-10T17:45:35","modified_gmt":"2025-03-10T16:45:35","slug":"sendvice","status":"publish","type":"page","link":"https:\/\/www.cafe96.cz\/en\/sendvice\/","title":{"rendered":"Sendvi\u010de &#038; Hranolky"},"content":{"rendered":"<div data-elementor-type=\"wp-page\" data-elementor-id=\"263\" class=\"elementor elementor-263\">\n\t\t\t\t\t\t<section class=\"elementor-section elementor-top-section elementor-element elementor-element-692281c5 elementor-section-content-middle elementor-section-boxed elementor-section-height-default elementor-section-height-default\" data-id=\"692281c5\" data-element_type=\"section\">\n\t\t\t\t\t\t<div class=\"elementor-container elementor-column-gap-extended\">\n\t\t\t\t\t<div class=\"aux-parallax-section elementor-column elementor-col-100 elementor-top-column elementor-element elementor-element-3ba775e6\" data-id=\"3ba775e6\" data-element_type=\"column\">\n\t\t\t<div class=\"elementor-widget-wrap elementor-element-populated\">\n\t\t\t\t\t\t<div class=\"elementor-element elementor-element-4b04e458 aux-appear-watch-animation aux-fade-in-up elementor-widget elementor-widget-aux_modern_heading\" data-id=\"4b04e458\" data-element_type=\"widget\" data-widget_type=\"aux_modern_heading.default\">\n\t\t\t\t<div class=\"elementor-widget-container\">\n\t\t\t<section class=\"aux-widget-modern-heading\">\n            <div class=\"aux-widget-inner\"><h5 class=\"aux-modern-heading-primary\"><\/h5><h3 class=\"aux-modern-heading-secondary\"><span class=\"aux-head-before\">Na\u0161e nab\u00eddka<\/span><\/h3><\/div>\n        <\/section>\t\t<\/div>\n\t\t\t\t<\/div>\n\t\t\t\t\t<\/div>\n\t\t<\/div>\n\t\t\t\t\t<\/div>\n\t\t<\/section>\n\t\t\t\t<section class=\"elementor-section elementor-top-section elementor-element elementor-element-12f7c8c elementor-section-boxed elementor-section-height-default elementor-section-height-default\" data-id=\"12f7c8c\" data-element_type=\"section\" id=\"pizza-section\">\n\t\t\t\t\t\t<div class=\"elementor-container elementor-column-gap-extended\">\n\t\t\t\t\t<div class=\"aux-parallax-section elementor-column elementor-col-50 elementor-top-column elementor-element elementor-element-27fa67e4 aux-appear-watch-animation aux-fade-in-left-1\" data-id=\"27fa67e4\" data-element_type=\"column\" data-settings=\"{&quot;background_background&quot;:&quot;classic&quot;}\">\n\t\t\t<div class=\"elementor-widget-wrap elementor-element-populated\">\n\t\t\t\t\t<div class=\"elementor-background-overlay\"><\/div>\n\t\t\t\t\t\t<div class=\"elementor-element elementor-element-15e971fb elementor-widget elementor-widget-aux_modern_heading\" data-id=\"15e971fb\" data-element_type=\"widget\" data-widget_type=\"aux_modern_heading.default\">\n\t\t\t\t<div class=\"elementor-widget-container\">\n\t\t\t<section class=\"aux-widget-modern-heading\">\n            <div class=\"aux-widget-inner\"><h5 class=\"aux-modern-heading-primary\"><\/h5><h3 class=\"aux-modern-heading-secondary\"><span class=\"aux-head-before\">BLT Sandwich<\/span><\/h3><div class=\"aux-modern-heading-description\"><p>The BLT sandwich has its origins in English cuisine. It can be considered the most popular sandwich in Anglo-Saxon countries. The name \"BLT\" refers to three main ingredients: <strong>bacon<\/strong> + <strong>lettuce<\/strong> + <strong>tomato<\/strong> = B.L.T.\u00a0<\/p><p>We use original uncured English bacon for preparation.\u00a0<\/p><\/div><\/div>\n        <\/section>\t\t<\/div>\n\t\t\t\t<\/div>\n\t\t\t\t\t<\/div>\n\t\t<\/div>\n\t\t\t\t<div class=\"aux-parallax-section elementor-column elementor-col-50 elementor-top-column elementor-element elementor-element-ab3350b aux-appear-watch-animation aux-fade-in-left-1\" data-id=\"ab3350b\" data-element_type=\"column\" data-settings=\"{&quot;background_background&quot;:&quot;classic&quot;}\">\n\t\t\t<div class=\"elementor-widget-wrap elementor-element-populated\">\n\t\t\t\t\t<div class=\"elementor-background-overlay\"><\/div>\n\t\t\t\t\t\t<div class=\"elementor-element elementor-element-ea04b12 elementor-widget elementor-widget-aux_modern_heading\" data-id=\"ea04b12\" data-element_type=\"widget\" data-widget_type=\"aux_modern_heading.default\">\n\t\t\t\t<div class=\"elementor-widget-container\">\n\t\t\t<section class=\"aux-widget-modern-heading\">\n            <div class=\"aux-widget-inner\"><h5 class=\"aux-modern-heading-primary\"><\/h5><h3 class=\"aux-modern-heading-secondary\"><span class=\"aux-head-before\">Caprese Sandwich<\/span><\/h3><div class=\"aux-modern-heading-description\"><p>Caprese sendvi\u010d vznikl z inspirace st\u0159edomo\u0159skou kuchyn\u00ed, kter\u00e1 \u010dasto vyu\u017e\u00edv\u00e1 raj\u010de a mozzarellu. Nezam\u011bnitelnou chu\u0165 tomuto obl\u00edben\u00e9mu sendvi\u010di dod\u00e1v\u00e1 i \u010derstv\u00e1 bazalka.<\/p><\/div><\/div>\n        <\/section>\t\t<\/div>\n\t\t\t\t<\/div>\n\t\t\t\t\t<\/div>\n\t\t<\/div>\n\t\t\t\t\t<\/div>\n\t\t<\/section>\n\t\t\t\t<section class=\"elementor-section elementor-top-section elementor-element elementor-element-8daf2c0 elementor-section-boxed elementor-section-height-default elementor-section-height-default\" data-id=\"8daf2c0\" data-element_type=\"section\">\n\t\t\t\t\t\t<div class=\"elementor-container elementor-column-gap-extended\">\n\t\t\t\t\t<div class=\"aux-parallax-section elementor-column elementor-col-50 elementor-top-column elementor-element elementor-element-7794499 aux-appear-watch-animation aux-fade-in-left-1\" data-id=\"7794499\" data-element_type=\"column\" data-settings=\"{&quot;background_background&quot;:&quot;classic&quot;}\">\n\t\t\t<div class=\"elementor-widget-wrap elementor-element-populated\">\n\t\t\t\t\t<div class=\"elementor-background-overlay\"><\/div>\n\t\t\t\t\t\t<div class=\"elementor-element elementor-element-c7a78a0 elementor-widget elementor-widget-aux_modern_heading\" data-id=\"c7a78a0\" data-element_type=\"widget\" data-widget_type=\"aux_modern_heading.default\">\n\t\t\t\t<div class=\"elementor-widget-container\">\n\t\t\t<section class=\"aux-widget-modern-heading\">\n            <div class=\"aux-widget-inner\"><h5 class=\"aux-modern-heading-primary\"><\/h5><h3 class=\"aux-modern-heading-secondary\"><span class=\"aux-head-before\">Ham &amp; Cheese Toast<\/span><\/h3><div class=\"aux-modern-heading-description\"><p>The Ham and Cheese Toastie Sandwich has become a popular dish for its simplicity, delicious combination of ham and cheese, and ease of preparation using the toaster or grill. The Ham and Cheese Toastie probably has its roots in European cuisine where bread, ham and cheese are commonly used in many dishes. Variations of this sandwich, often called Croque Monsieur or Panini, are popular in areas such as France or Italy.<\/p><\/div><\/div>\n        <\/section>\t\t<\/div>\n\t\t\t\t<\/div>\n\t\t\t\t\t<\/div>\n\t\t<\/div>\n\t\t\t\t<div class=\"aux-parallax-section elementor-column elementor-col-50 elementor-top-column elementor-element elementor-element-e5a2144 aux-appear-watch-animation aux-fade-in-left-1\" data-id=\"e5a2144\" data-element_type=\"column\" data-settings=\"{&quot;background_background&quot;:&quot;classic&quot;}\">\n\t\t\t<div class=\"elementor-widget-wrap elementor-element-populated\">\n\t\t\t\t\t<div class=\"elementor-background-overlay\"><\/div>\n\t\t\t\t\t\t<div class=\"elementor-element elementor-element-a0cb1ba elementor-widget elementor-widget-aux_modern_heading\" data-id=\"a0cb1ba\" data-element_type=\"widget\" data-widget_type=\"aux_modern_heading.default\">\n\t\t\t\t<div class=\"elementor-widget-container\">\n\t\t\t<section class=\"aux-widget-modern-heading\">\n            <div class=\"aux-widget-inner\"><h5 class=\"aux-modern-heading-primary\"><\/h5><h3 class=\"aux-modern-heading-secondary\"><span class=\"aux-head-before\">Loaded Fries<\/span><\/h3><div class=\"aux-modern-heading-description\"><p>P\u011bkn\u011b nadupan\u00e9 hranolky.<\/p><\/div><\/div>\n        <\/section>\t\t<\/div>\n\t\t\t\t<\/div>\n\t\t\t\t\t<\/div>\n\t\t<\/div>\n\t\t\t\t\t<\/div>\n\t\t<\/section>\n\t\t\t\t<section class=\"elementor-section elementor-top-section elementor-element elementor-element-a51345d elementor-section-boxed elementor-section-height-default elementor-section-height-default\" data-id=\"a51345d\" data-element_type=\"section\">\n\t\t\t\t\t\t<div class=\"elementor-container elementor-column-gap-extended\">\n\t\t\t\t\t<div class=\"aux-parallax-section elementor-column elementor-col-50 elementor-top-column elementor-element elementor-element-ad2e3c8 aux-appear-watch-animation aux-fade-in-left-1\" data-id=\"ad2e3c8\" data-element_type=\"column\" data-settings=\"{&quot;background_background&quot;:&quot;classic&quot;}\">\n\t\t\t<div class=\"elementor-widget-wrap elementor-element-populated\">\n\t\t\t\t\t<div class=\"elementor-background-overlay\"><\/div>\n\t\t\t\t\t\t<div class=\"elementor-element elementor-element-faf1ae9 elementor-widget elementor-widget-aux_modern_heading\" data-id=\"faf1ae9\" data-element_type=\"widget\" data-widget_type=\"aux_modern_heading.default\">\n\t\t\t\t<div class=\"elementor-widget-container\">\n\t\t\t<section class=\"aux-widget-modern-heading\">\n            <div class=\"aux-widget-inner\"><h5 class=\"aux-modern-heading-primary\"><\/h5><h3 class=\"aux-modern-heading-secondary\"><span class=\"aux-head-before\">Ploughman<\/span><\/h3><div class=\"aux-modern-heading-description\"><p>The Plowman sandwich is inspired by a traditional British meal called the Ploughman's Lunch, a dish made from simple, traditional country ingredients that can also be eaten as a cold lunch. So the history of the Plowman sandwich is rooted in the history of this classic country dish.<\/p><p>In it you will find<span class=\"OYPEnA\">ham, cheddar, pickle and arugula.<\/span><\/p><\/div><\/div>\n        <\/section>\t\t<\/div>\n\t\t\t\t<\/div>\n\t\t\t\t\t<\/div>\n\t\t<\/div>\n\t\t\t\t<div class=\"aux-parallax-section elementor-column elementor-col-50 elementor-top-column elementor-element elementor-element-f6e8ced aux-appear-watch-animation aux-fade-in-left-1\" data-id=\"f6e8ced\" data-element_type=\"column\" data-settings=\"{&quot;background_background&quot;:&quot;classic&quot;}\">\n\t\t\t<div class=\"elementor-widget-wrap elementor-element-populated\">\n\t\t\t\t\t<div class=\"elementor-background-overlay\"><\/div>\n\t\t\t\t\t\t<div class=\"elementor-element elementor-element-a9223c9 elementor-widget elementor-widget-aux_modern_heading\" data-id=\"a9223c9\" data-element_type=\"widget\" data-widget_type=\"aux_modern_heading.default\">\n\t\t\t\t<div class=\"elementor-widget-container\">\n\t\t\t<section class=\"aux-widget-modern-heading\">\n            <div class=\"aux-widget-inner\"><h5 class=\"aux-modern-heading-primary\"><\/h5><h3 class=\"aux-modern-heading-secondary\"><span class=\"aux-head-before\">Onion Toastie<\/span><\/h3><div class=\"aux-modern-heading-description\"><p><span class=\"OYPEnA\">Tasty and simple, Onion Toastie combines the sweetness of caramelized onions with the richness and creaminess of Cheddar cheese, all warmed and crisped by toasting.<\/span><\/p><\/div><\/div>\n        <\/section>\t\t<\/div>\n\t\t\t\t<\/div>\n\t\t\t\t\t<\/div>\n\t\t<\/div>\n\t\t\t\t\t<\/div>\n\t\t<\/section>\n\t\t\t\t<\/div>","protected":false},"excerpt":{"rendered":"<p>Na\u0161e nab\u00eddka BLT Sandwich Sendvi\u010d BLT m\u00e1 p\u016fvod v anglick\u00e9 kuchyni. D\u00e1 se pova\u017eovat za nejpopul\u00e1rn\u011bj\u0161\u00ed sendvi\u010d v anglosask\u00fdch zem\u00edch. N\u00e1zev &#8222;BLT&#8220; odkazuje na t\u0159i hlavn\u00ed ingredience: bacon (slanina), lettuce (hl\u00e1vkov\u00fd sal\u00e1t) a tomato (raj\u010de).\u00a0 Pro p\u0159\u00edpravu pou\u017e\u00edv\u00e1me origin\u00e1ln\u00ed neuzenou anglickou slaninu.\u00a0 Caprese Sandwich Caprese sendvi\u010d vznikl z inspirace st\u0159edomo\u0159skou kuchyn\u00ed, kter\u00e1 \u010dasto vyu\u017e\u00edv\u00e1 raj\u010de [&hellip;]<\/p>","protected":false},"author":1,"featured_media":0,"parent":0,"menu_order":0,"comment_status":"closed","ping_status":"closed","template":"","meta":{"footnotes":""},"_links":{"self":[{"href":"https:\/\/www.cafe96.cz\/en\/wp-json\/wp\/v2\/pages\/263"}],"collection":[{"href":"https:\/\/www.cafe96.cz\/en\/wp-json\/wp\/v2\/pages"}],"about":[{"href":"https:\/\/www.cafe96.cz\/en\/wp-json\/wp\/v2\/types\/page"}],"author":[{"embeddable":true,"href":"https:\/\/www.cafe96.cz\/en\/wp-json\/wp\/v2\/users\/1"}],"replies":[{"embeddable":true,"href":"https:\/\/www.cafe96.cz\/en\/wp-json\/wp\/v2\/comments?post=263"}],"version-history":[{"count":117,"href":"https:\/\/www.cafe96.cz\/en\/wp-json\/wp\/v2\/pages\/263\/revisions"}],"predecessor-version":[{"id":767,"href":"https:\/\/www.cafe96.cz\/en\/wp-json\/wp\/v2\/pages\/263\/revisions\/767"}],"wp:attachment":[{"href":"https:\/\/www.cafe96.cz\/en\/wp-json\/wp\/v2\/media?parent=263"}],"curies":[{"name":"wp","href":"https:\/\/api.w.org\/{rel}","templated":true}]}}