{"id":312,"date":"2023-12-14T17:27:33","date_gmt":"2023-12-14T16:27:33","guid":{"rendered":"https:\/\/www.cafe96.cz\/?page_id=312"},"modified":"2023-12-15T19:56:45","modified_gmt":"2023-12-15T18:56:45","slug":"dezerty","status":"publish","type":"page","link":"https:\/\/www.cafe96.cz\/en\/dezerty\/","title":{"rendered":"Desserts"},"content":{"rendered":"<div data-elementor-type=\"wp-page\" data-elementor-id=\"312\" class=\"elementor elementor-312\">\n\t\t\t\t\t\t<section class=\"elementor-section elementor-top-section elementor-element elementor-element-5aee92de elementor-section-content-middle elementor-section-boxed elementor-section-height-default elementor-section-height-default\" data-id=\"5aee92de\" data-element_type=\"section\">\n\t\t\t\t\t\t<div class=\"elementor-container elementor-column-gap-extended\">\n\t\t\t\t\t<div class=\"aux-parallax-section elementor-column elementor-col-100 elementor-top-column elementor-element elementor-element-659d6b67\" data-id=\"659d6b67\" data-element_type=\"column\">\n\t\t\t<div class=\"elementor-widget-wrap elementor-element-populated\">\n\t\t\t\t\t\t<div class=\"elementor-element elementor-element-3a1ae14d aux-appear-watch-animation aux-fade-in-up elementor-widget elementor-widget-aux_modern_heading\" data-id=\"3a1ae14d\" data-element_type=\"widget\" data-widget_type=\"aux_modern_heading.default\">\n\t\t\t\t<div class=\"elementor-widget-container\">\n\t\t\t<section class=\"aux-widget-modern-heading\">\n            <div class=\"aux-widget-inner\"><h5 class=\"aux-modern-heading-primary\"><\/h5><h3 class=\"aux-modern-heading-secondary\"><span class=\"aux-head-before\">Desserts<\/span><\/h3><\/div>\n        <\/section>\t\t<\/div>\n\t\t\t\t<\/div>\n\t\t\t\t\t<\/div>\n\t\t<\/div>\n\t\t\t\t\t<\/div>\n\t\t<\/section>\n\t\t\t\t<section class=\"elementor-section elementor-top-section elementor-element elementor-element-72e3fbc6 elementor-section-boxed elementor-section-height-default elementor-section-height-default\" data-id=\"72e3fbc6\" data-element_type=\"section\" id=\"pizza-section\">\n\t\t\t\t\t\t<div class=\"elementor-container elementor-column-gap-extended\">\n\t\t\t\t\t<div class=\"aux-parallax-section elementor-column elementor-col-33 elementor-top-column elementor-element elementor-element-4d4b207a aux-appear-watch-animation aux-fade-in-left-1\" data-id=\"4d4b207a\" data-element_type=\"column\" data-settings=\"{&quot;background_background&quot;:&quot;classic&quot;}\">\n\t\t\t<div class=\"elementor-widget-wrap elementor-element-populated\">\n\t\t\t\t\t<div class=\"elementor-background-overlay\"><\/div>\n\t\t\t\t\t\t<div class=\"elementor-element elementor-element-7da43a51 elementor-widget elementor-widget-aux_modern_heading\" data-id=\"7da43a51\" data-element_type=\"widget\" data-widget_type=\"aux_modern_heading.default\">\n\t\t\t\t<div class=\"elementor-widget-container\">\n\t\t\t<section class=\"aux-widget-modern-heading\">\n            <div class=\"aux-widget-inner\"><h5 class=\"aux-modern-heading-primary\"><\/h5><h3 class=\"aux-modern-heading-secondary\"><span class=\"aux-head-before\">Bubble WAFFLE \"CLASSIC\"<\/span><\/h3><div class=\"aux-modern-heading-description\"><div class=\"AdBbhQ hGbcYA _7rUwsA\" lang=\"en\"><p class=\"cgHgbA nxe3IQ Xp24Nw PanoWQ\"><span class=\"OYPEnA\">Bubble waffle, whipped cream +1 topping of your choice: maple syrup, strawberry, caramel, <\/span><span class=\"OYPEnA\">malina nebo <\/span><span class=\"OYPEnA\">\u010dokol\u00e1da.<\/span><\/p><\/div><\/div><\/div>\n        <\/section>\t\t<\/div>\n\t\t\t\t<\/div>\n\t\t\t\t\t<\/div>\n\t\t<\/div>\n\t\t\t\t<div class=\"aux-parallax-section elementor-column elementor-col-33 elementor-top-column elementor-element elementor-element-88ebd5d aux-appear-watch-animation aux-fade-in-left-1\" data-id=\"88ebd5d\" data-element_type=\"column\" data-settings=\"{&quot;background_background&quot;:&quot;classic&quot;}\">\n\t\t\t<div class=\"elementor-widget-wrap elementor-element-populated\">\n\t\t\t\t\t<div class=\"elementor-background-overlay\"><\/div>\n\t\t\t\t\t\t<div class=\"elementor-element elementor-element-1e13355 elementor-widget elementor-widget-aux_modern_heading\" data-id=\"1e13355\" data-element_type=\"widget\" data-widget_type=\"aux_modern_heading.default\">\n\t\t\t\t<div class=\"elementor-widget-container\">\n\t\t\t<section class=\"aux-widget-modern-heading\">\n            <div class=\"aux-widget-inner\"><h5 class=\"aux-modern-heading-primary\"><\/h5><h3 class=\"aux-modern-heading-secondary\"><span class=\"aux-head-before\">Bubble WAFFLE \"NUTELLA\"<\/span><\/h3><div class=\"aux-modern-heading-description\"><p><span class=\"OYPEnA\">Bubble waffle, whipped cream, Nutella<\/span>.<\/p><\/div><\/div>\n        <\/section>\t\t<\/div>\n\t\t\t\t<\/div>\n\t\t\t\t\t<\/div>\n\t\t<\/div>\n\t\t\t\t<div class=\"aux-parallax-section elementor-column elementor-col-33 elementor-top-column elementor-element elementor-element-c866e87 aux-appear-watch-animation aux-fade-in-left-1\" data-id=\"c866e87\" data-element_type=\"column\" data-settings=\"{&quot;background_background&quot;:&quot;classic&quot;}\">\n\t\t\t<div class=\"elementor-widget-wrap elementor-element-populated\">\n\t\t\t\t\t<div class=\"elementor-background-overlay\"><\/div>\n\t\t\t\t\t\t<div class=\"elementor-element elementor-element-c10bcfc elementor-widget elementor-widget-aux_modern_heading\" data-id=\"c10bcfc\" data-element_type=\"widget\" data-widget_type=\"aux_modern_heading.default\">\n\t\t\t\t<div class=\"elementor-widget-container\">\n\t\t\t<section class=\"aux-widget-modern-heading\">\n            <div class=\"aux-widget-inner\"><h5 class=\"aux-modern-heading-primary\"><\/h5><h3 class=\"aux-modern-heading-secondary\"><span class=\"aux-head-before\">Bubble WAFFLE \u201cPOSH\u201d<\/span><\/h3><div class=\"aux-modern-heading-description\"><p class=\"cgHgbA nxe3IQ Xp24Nw PanoWQ\"><span class=\"OYPEnA\">Bubble waffle, whipped cream, pistachio or <\/span><span class=\"OYPEnA\">almond cream.<\/span><\/p><\/div><\/div>\n        <\/section>\t\t<\/div>\n\t\t\t\t<\/div>\n\t\t\t\t\t<\/div>\n\t\t<\/div>\n\t\t\t\t\t<\/div>\n\t\t<\/section>\n\t\t\t\t<section class=\"elementor-section elementor-top-section elementor-element elementor-element-fe81151 elementor-section-boxed elementor-section-height-default elementor-section-height-default\" data-id=\"fe81151\" data-element_type=\"section\">\n\t\t\t\t\t\t<div class=\"elementor-container elementor-column-gap-extended\">\n\t\t\t\t\t<div class=\"aux-parallax-section elementor-column elementor-col-33 elementor-top-column elementor-element elementor-element-74bc26c aux-appear-watch-animation aux-fade-in-left-1\" data-id=\"74bc26c\" data-element_type=\"column\" data-settings=\"{&quot;background_background&quot;:&quot;classic&quot;}\">\n\t\t\t<div class=\"elementor-widget-wrap elementor-element-populated\">\n\t\t\t\t\t<div class=\"elementor-background-overlay\"><\/div>\n\t\t\t\t\t\t<div class=\"elementor-element elementor-element-fac6f42 elementor-widget elementor-widget-aux_modern_heading\" data-id=\"fac6f42\" data-element_type=\"widget\" data-widget_type=\"aux_modern_heading.default\">\n\t\t\t\t<div class=\"elementor-widget-container\">\n\t\t\t<section class=\"aux-widget-modern-heading\">\n            <div class=\"aux-widget-inner\"><h5 class=\"aux-modern-heading-primary\"><\/h5><h3 class=\"aux-modern-heading-secondary\"><span class=\"aux-head-before\">Pistachio bomb<\/span><\/h3><div class=\"aux-modern-heading-description\"><p>Homemade cake with pistachio filling.<\/p><\/div><\/div>\n        <\/section>\t\t<\/div>\n\t\t\t\t<\/div>\n\t\t\t\t\t<\/div>\n\t\t<\/div>\n\t\t\t\t<div class=\"aux-parallax-section elementor-column elementor-col-33 elementor-top-column elementor-element elementor-element-2599997 aux-appear-watch-animation aux-fade-in-left-1\" data-id=\"2599997\" data-element_type=\"column\" data-settings=\"{&quot;background_background&quot;:&quot;classic&quot;}\">\n\t\t\t<div class=\"elementor-widget-wrap elementor-element-populated\">\n\t\t\t\t\t<div class=\"elementor-background-overlay\"><\/div>\n\t\t\t\t\t\t<div class=\"elementor-element elementor-element-4303f54 elementor-widget elementor-widget-aux_modern_heading\" data-id=\"4303f54\" data-element_type=\"widget\" data-widget_type=\"aux_modern_heading.default\">\n\t\t\t\t<div class=\"elementor-widget-container\">\n\t\t\t<section class=\"aux-widget-modern-heading\">\n            <div class=\"aux-widget-inner\"><h5 class=\"aux-modern-heading-primary\"><\/h5><h3 class=\"aux-modern-heading-secondary\"><span class=\"aux-head-before\">Chocolate bomb<\/span><\/h3><div class=\"aux-modern-heading-description\"><p>Homemade cake with chocolate-nutella filling.<\/p><\/div><\/div>\n        <\/section>\t\t<\/div>\n\t\t\t\t<\/div>\n\t\t\t\t\t<\/div>\n\t\t<\/div>\n\t\t\t\t<div class=\"aux-parallax-section elementor-column elementor-col-33 elementor-top-column elementor-element elementor-element-e0309bb aux-appear-watch-animation aux-fade-in-left-1\" data-id=\"e0309bb\" data-element_type=\"column\" data-settings=\"{&quot;background_background&quot;:&quot;classic&quot;}\">\n\t\t\t<div class=\"elementor-widget-wrap elementor-element-populated\">\n\t\t\t\t\t<div class=\"elementor-background-overlay\"><\/div>\n\t\t\t\t\t\t<div class=\"elementor-element elementor-element-396736e elementor-widget elementor-widget-aux_modern_heading\" data-id=\"396736e\" data-element_type=\"widget\" data-widget_type=\"aux_modern_heading.default\">\n\t\t\t\t<div class=\"elementor-widget-container\">\n\t\t\t<section class=\"aux-widget-modern-heading\">\n            <div class=\"aux-widget-inner\"><h5 class=\"aux-modern-heading-primary\"><\/h5><h3 class=\"aux-modern-heading-secondary\"><span class=\"aux-head-before\">British dessert<\/span><\/h3><div class=\"aux-modern-heading-description\"><p class=\"cgHgbA nxe3IQ Xp24Nw PanoWQ\"><span class=\"OYPEnA\">British loaf cake with lemon flavor,<\/span> <span class=\"OYPEnA\">chocolate, <\/span><span class=\"OYPEnA\">caramel.<\/span><\/p><\/div><\/div>\n        <\/section>\t\t<\/div>\n\t\t\t\t<\/div>\n\t\t\t\t\t<\/div>\n\t\t<\/div>\n\t\t\t\t\t<\/div>\n\t\t<\/section>\n\t\t\t\t<section class=\"elementor-section elementor-top-section elementor-element elementor-element-5a9a24b elementor-section-boxed elementor-section-height-default elementor-section-height-default\" data-id=\"5a9a24b\" data-element_type=\"section\">\n\t\t\t\t\t\t<div class=\"elementor-container elementor-column-gap-extended\">\n\t\t\t\t\t<div class=\"aux-parallax-section elementor-column elementor-col-33 elementor-top-column elementor-element elementor-element-0f2cf95 aux-appear-watch-animation aux-fade-in-left-1\" data-id=\"0f2cf95\" data-element_type=\"column\" data-settings=\"{&quot;background_background&quot;:&quot;classic&quot;}\">\n\t\t\t<div class=\"elementor-widget-wrap elementor-element-populated\">\n\t\t\t\t\t<div class=\"elementor-background-overlay\"><\/div>\n\t\t\t\t\t\t<div class=\"elementor-element elementor-element-99beb26 elementor-widget elementor-widget-aux_modern_heading\" data-id=\"99beb26\" data-element_type=\"widget\" data-widget_type=\"aux_modern_heading.default\">\n\t\t\t\t<div class=\"elementor-widget-container\">\n\t\t\t<section class=\"aux-widget-modern-heading\">\n            <div class=\"aux-widget-inner\"><h5 class=\"aux-modern-heading-primary\"><\/h5><h3 class=\"aux-modern-heading-secondary\"><span class=\"aux-head-before\">Ducat Bubble waffle<\/span><\/h3><div class=\"aux-modern-heading-description\"><div class=\"AdBbhQ hGbcYA _7rUwsA\" lang=\"en\"><p class=\"cgHgbA nxe3IQ Xp24Nw PanoWQ\"><span class=\"OYPEnA\">Czech-style bubble waffles with vanilla cream and raspberry <\/span><span class=\"OYPEnA\">topping.<\/span><\/p><\/div><\/div><\/div>\n        <\/section>\t\t<\/div>\n\t\t\t\t<\/div>\n\t\t\t\t\t<\/div>\n\t\t<\/div>\n\t\t\t\t<div class=\"aux-parallax-section elementor-column elementor-col-33 elementor-top-column elementor-element elementor-element-ad94e9a aux-appear-watch-animation aux-fade-in-left-1\" data-id=\"ad94e9a\" data-element_type=\"column\" data-settings=\"{&quot;background_background&quot;:&quot;classic&quot;}\">\n\t\t\t<div class=\"elementor-widget-wrap elementor-element-populated\">\n\t\t\t\t\t<div class=\"elementor-background-overlay\"><\/div>\n\t\t\t\t\t\t<div class=\"elementor-element elementor-element-471bac8 elementor-widget elementor-widget-aux_modern_heading\" data-id=\"471bac8\" data-element_type=\"widget\" data-widget_type=\"aux_modern_heading.default\">\n\t\t\t\t<div class=\"elementor-widget-container\">\n\t\t\t<section class=\"aux-widget-modern-heading\">\n            <div class=\"aux-widget-inner\"><h5 class=\"aux-modern-heading-primary\"><\/h5><h3 class=\"aux-modern-heading-secondary\"><span class=\"aux-head-before\">Bread &amp; Butter Pudding<\/span><\/h3><div class=\"aux-modern-heading-description\"><p><span class=\"OYPEnA\">A typical English butter \"bun\" with whipped cream<\/span>.<\/p><\/div><\/div>\n        <\/section>\t\t<\/div>\n\t\t\t\t<\/div>\n\t\t\t\t\t<\/div>\n\t\t<\/div>\n\t\t\t\t<div class=\"aux-parallax-section elementor-column elementor-col-33 elementor-top-column elementor-element elementor-element-e7de7d5 aux-appear-watch-animation aux-fade-in-left-1\" data-id=\"e7de7d5\" data-element_type=\"column\" data-settings=\"{&quot;background_background&quot;:&quot;classic&quot;}\">\n\t\t\t<div class=\"elementor-widget-wrap elementor-element-populated\">\n\t\t\t\t\t<div class=\"elementor-background-overlay\"><\/div>\n\t\t\t\t\t\t<div class=\"elementor-element elementor-element-2a91f01 elementor-widget elementor-widget-aux_modern_heading\" data-id=\"2a91f01\" data-element_type=\"widget\" data-widget_type=\"aux_modern_heading.default\">\n\t\t\t\t<div class=\"elementor-widget-container\">\n\t\t\t<section class=\"aux-widget-modern-heading\">\n            <div class=\"aux-widget-inner\"><h5 class=\"aux-modern-heading-primary\"><\/h5><h3 class=\"aux-modern-heading-secondary\"><span class=\"aux-head-before\">Tiramisu<\/span><\/h3><div class=\"aux-modern-heading-description\"><p class=\"cgHgbA nxe3IQ Xp24Nw PanoWQ\"><span class=\"OYPEnA\">Homemade tiramisu according to a traditional recipe.<\/span><\/p><\/div><\/div>\n        <\/section>\t\t<\/div>\n\t\t\t\t<\/div>\n\t\t\t\t\t<\/div>\n\t\t<\/div>\n\t\t\t\t\t<\/div>\n\t\t<\/section>\n\t\t\t\t<section class=\"elementor-section elementor-top-section elementor-element elementor-element-d3b2c00 elementor-section-boxed elementor-section-height-default elementor-section-height-default\" data-id=\"d3b2c00\" data-element_type=\"section\">\n\t\t\t\t\t\t<div class=\"elementor-container elementor-column-gap-extended\">\n\t\t\t\t\t<div class=\"aux-parallax-section elementor-column elementor-col-33 elementor-top-column elementor-element elementor-element-31e9e93 aux-appear-watch-animation aux-fade-in-left-1\" data-id=\"31e9e93\" data-element_type=\"column\" data-settings=\"{&quot;background_background&quot;:&quot;classic&quot;}\">\n\t\t\t<div class=\"elementor-widget-wrap elementor-element-populated\">\n\t\t\t\t\t<div class=\"elementor-background-overlay\"><\/div>\n\t\t\t\t\t\t<div class=\"elementor-element elementor-element-c26e7d5 elementor-widget elementor-widget-aux_modern_heading\" data-id=\"c26e7d5\" data-element_type=\"widget\" data-widget_type=\"aux_modern_heading.default\">\n\t\t\t\t<div class=\"elementor-widget-container\">\n\t\t\t<section class=\"aux-widget-modern-heading\">\n            <div class=\"aux-widget-inner\"><h5 class=\"aux-modern-heading-primary\"><\/h5><h3 class=\"aux-modern-heading-secondary\"><span class=\"aux-head-before\">Gluten-free English trifle<\/span><\/h3><div class=\"aux-modern-heading-description\"><div class=\"AdBbhQ hGbcYA _7rUwsA\" lang=\"en\"><p class=\"cgHgbA nxe3IQ Xp24Nw PanoWQ\"><span class=\"OYPEnA\">Traditional English vanilla cream with raspberry <\/span><span class=\"OYPEnA\">jelly.<\/span><\/p><\/div><\/div><\/div>\n        <\/section>\t\t<\/div>\n\t\t\t\t<\/div>\n\t\t\t\t\t<\/div>\n\t\t<\/div>\n\t\t\t\t<div class=\"aux-parallax-section elementor-column elementor-col-33 elementor-top-column elementor-element elementor-element-6d18ccd aux-appear-watch-animation aux-fade-in-left-1\" data-id=\"6d18ccd\" data-element_type=\"column\" data-settings=\"{&quot;background_background&quot;:&quot;classic&quot;}\">\n\t\t\t<div class=\"elementor-widget-wrap elementor-element-populated\">\n\t\t\t\t\t<div class=\"elementor-background-overlay\"><\/div>\n\t\t\t\t\t\t<div class=\"elementor-element elementor-element-418919e elementor-widget elementor-widget-aux_modern_heading\" data-id=\"418919e\" data-element_type=\"widget\" data-widget_type=\"aux_modern_heading.default\">\n\t\t\t\t<div class=\"elementor-widget-container\">\n\t\t\t<section class=\"aux-widget-modern-heading\">\n            <div class=\"aux-widget-inner\"><h5 class=\"aux-modern-heading-primary\"><\/h5><h3 class=\"aux-modern-heading-secondary\"><span class=\"aux-head-before\">Liqueur tip<\/span><\/h3><div class=\"aux-modern-heading-description\"><p><span class=\"OYPEnA\">Homemade liqueur top a'la Czech classic.<\/span><\/p><\/div><\/div>\n        <\/section>\t\t<\/div>\n\t\t\t\t<\/div>\n\t\t\t\t\t<\/div>\n\t\t<\/div>\n\t\t\t\t<div class=\"aux-parallax-section elementor-column elementor-col-33 elementor-top-column elementor-element elementor-element-68b7ea6 aux-appear-watch-animation aux-fade-in-left-1\" data-id=\"68b7ea6\" data-element_type=\"column\" data-settings=\"{&quot;background_background&quot;:&quot;classic&quot;}\">\n\t\t\t<div class=\"elementor-widget-wrap elementor-element-populated\">\n\t\t\t\t\t<div class=\"elementor-background-overlay\"><\/div>\n\t\t\t\t\t\t<div class=\"elementor-element elementor-element-56e609e elementor-widget elementor-widget-aux_modern_heading\" data-id=\"56e609e\" data-element_type=\"widget\" data-widget_type=\"aux_modern_heading.default\">\n\t\t\t\t<div class=\"elementor-widget-container\">\n\t\t\t<section class=\"aux-widget-modern-heading\">\n            <div class=\"aux-widget-inner\"><h5 class=\"aux-modern-heading-primary\"><\/h5><h3 class=\"aux-modern-heading-secondary\"><span class=\"aux-head-before\">Panna Cotta<\/span><\/h3><div class=\"aux-modern-heading-description\"><p class=\"cgHgbA nxe3IQ Xp24Nw PanoWQ\"><span class=\"OYPEnA\">Panna Cotta with raspberry topping.<\/span><\/p><\/div><\/div>\n        <\/section>\t\t<\/div>\n\t\t\t\t<\/div>\n\t\t\t\t\t<\/div>\n\t\t<\/div>\n\t\t\t\t\t<\/div>\n\t\t<\/section>\n\t\t\t\t<\/div>","protected":false},"excerpt":{"rendered":"<p>Dezerty Bubble VAFLE \u201cKLASIK\u201d Bubble vafle, \u0161leha\u010dka +1 topping dle v\u00fdb\u011bru: javorov\u00fd sirup, jahoda, karamel, malina nebo \u010dokol\u00e1da. Bubble VAFLE \u201cNUTELLA\u201d Bubble vafle, \u0161leha\u010dka, Nutella. Bubble VAFLE \u201cPOSH\u201d Bubble vafle, \u0161leha\u010dka, PIST\u00e1ciov\u00fd nebo mandlov\u00fd kr\u00e9m. Pist\u00e1ciov\u00e1 bomba Dom\u00e1c\u00ed dort\u00edk s pist\u00e1ciovou n\u00e1pln\u00ed. \u010cokol\u00e1dov\u00e1 bomba Dom\u00e1c\u00ed dort\u00edk s \u010dokol\u00e1dovo-nutellovou n\u00e1pln\u00ed. Britsk\u00fd mou\u010dn\u00edk Britsk\u00fd loaf cake s [&hellip;]<\/p>","protected":false},"author":1,"featured_media":0,"parent":0,"menu_order":0,"comment_status":"closed","ping_status":"closed","template":"","meta":{"footnotes":""},"_links":{"self":[{"href":"https:\/\/www.cafe96.cz\/en\/wp-json\/wp\/v2\/pages\/312"}],"collection":[{"href":"https:\/\/www.cafe96.cz\/en\/wp-json\/wp\/v2\/pages"}],"about":[{"href":"https:\/\/www.cafe96.cz\/en\/wp-json\/wp\/v2\/types\/page"}],"author":[{"embeddable":true,"href":"https:\/\/www.cafe96.cz\/en\/wp-json\/wp\/v2\/users\/1"}],"replies":[{"embeddable":true,"href":"https:\/\/www.cafe96.cz\/en\/wp-json\/wp\/v2\/comments?post=312"}],"version-history":[{"count":52,"href":"https:\/\/www.cafe96.cz\/en\/wp-json\/wp\/v2\/pages\/312\/revisions"}],"predecessor-version":[{"id":493,"href":"https:\/\/www.cafe96.cz\/en\/wp-json\/wp\/v2\/pages\/312\/revisions\/493"}],"wp:attachment":[{"href":"https:\/\/www.cafe96.cz\/en\/wp-json\/wp\/v2\/media?parent=312"}],"curies":[{"name":"wp","href":"https:\/\/api.w.org\/{rel}","templated":true}]}}