{"id":702,"date":"2024-05-05T18:39:16","date_gmt":"2024-05-05T16:39:16","guid":{"rendered":"https:\/\/www.cafe96.cz\/?page_id=702"},"modified":"2026-03-09T12:49:12","modified_gmt":"2026-03-09T11:49:12","slug":"party","status":"publish","type":"page","link":"https:\/\/www.cafe96.cz\/en\/party\/","title":{"rendered":"Party"},"content":{"rendered":"<div data-elementor-type=\"wp-post\" data-elementor-id=\"702\" class=\"elementor elementor-702\">\n\t\t\t\t\t\t<section class=\"elementor-section elementor-top-section elementor-element elementor-element-1608166 elementor-section-content-middle elementor-section-boxed elementor-section-height-default elementor-section-height-default\" data-id=\"1608166\" data-element_type=\"section\">\n\t\t\t\t\t\t<div class=\"elementor-container elementor-column-gap-extended\">\n\t\t\t\t\t<div class=\"aux-parallax-section elementor-column elementor-col-50 elementor-top-column elementor-element elementor-element-31c9eef\" data-id=\"31c9eef\" data-element_type=\"column\">\n\t\t\t<div class=\"elementor-widget-wrap elementor-element-populated\">\n\t\t\t\t\t\t<div class=\"elementor-element elementor-element-8905005 elementor-widget elementor-widget-image\" data-id=\"8905005\" data-element_type=\"widget\" data-widget_type=\"image.default\">\n\t\t\t\t<div class=\"elementor-widget-container\">\n\t\t\t\t\t\t\t\t\t\t\t\t\t<img fetchpriority=\"high\" decoding=\"async\" width=\"1024\" height=\"1024\" src=\"https:\/\/www.cafe96.cz\/wp-content\/uploads\/008-1024x1024.jpg\" class=\"attachment-large size-large wp-image-722\" alt=\"\" srcset=\"https:\/\/www.cafe96.cz\/wp-content\/uploads\/008-1024x1024.jpg 1024w, https:\/\/www.cafe96.cz\/wp-content\/uploads\/008-300x300.jpg 300w, https:\/\/www.cafe96.cz\/wp-content\/uploads\/008-150x150.jpg 150w, https:\/\/www.cafe96.cz\/wp-content\/uploads\/008-768x768.jpg 768w\" sizes=\"(max-width: 1024px) 100vw, 1024px\" \/>\t\t\t\t\t\t\t\t\t\t\t\t\t<\/div>\n\t\t\t\t<\/div>\n\t\t\t\t\t<\/div>\n\t\t<\/div>\n\t\t\t\t<div class=\"aux-parallax-section elementor-column elementor-col-50 elementor-top-column elementor-element elementor-element-d64792b\" data-id=\"d64792b\" data-element_type=\"column\">\n\t\t\t<div class=\"elementor-widget-wrap elementor-element-populated\">\n\t\t\t\t\t\t<div class=\"elementor-element elementor-element-fd1e43d aux-appear-watch-animation aux-fade-in-up elementor-widget elementor-widget-aux_modern_heading\" data-id=\"fd1e43d\" data-element_type=\"widget\" data-widget_type=\"aux_modern_heading.default\">\n\t\t\t\t<div class=\"elementor-widget-container\">\n\t\t\t<section class=\"aux-widget-modern-heading\">\n            <div class=\"aux-widget-inner\"><h5 class=\"aux-modern-heading-primary\">Parties and celebrations<\/h5><h3 class=\"aux-modern-heading-secondary\"><span class=\"aux-head-before\">Welcome to Cafe 96<\/span><\/h3><div class=\"aux-modern-heading-description\"><p>In your ideal place for celebrations and social events!<\/p><p>Do you want to organize an unforgettable celebration, birthday party, company meeting or other social event? Caf\u00e9 96 offers you the ideal setting for your special occasions.<\/p><p><strong>Why choose Cafe 96 for your event?<\/strong><\/p><ol><li><strong>Untraditional and unique atmosphere:<\/strong> Caf\u00e9 96 v\u00e1m poskytne p\u0159\u00edjemn\u00fd a p\u0159\u00edv\u011btiv\u00fd prostor pro va\u0161i ud\u00e1lost. S unik\u00e1tn\u00edm interi\u00e9rem a pohodln\u00fdm posezen\u00edm budete m\u00edt prostor, kde se va\u0161i host\u00e9 budou c\u00edtit jako doma.<\/li><li><strong>Great location:<\/strong> We are centrally located, which means easy access for your guests and plenty of parking. Our cafe is easily accessible from different parts of the city, making it easy to organize your event.<\/li><li><strong>Flexibility of space:<\/strong> Our variable interiors and exteriors allow you to adapt the space to your needs. Whether you are planning a small private celebration or a larger corporate event, we can provide you with a space to suit your requirements.<\/li><li><strong>Excellent food and beverage quality:<\/strong> We offer hot and cold food and drinks. From freshly brewed coffees to delicious desserts and snacks, your guests will be delighted.<\/li><li><strong>Professional service:<\/strong> Our team of experienced and friendly staff will take care of every detail of your event. With our professional approach and attentive service, we will make sure everything goes smoothly and without any problems.<\/li><\/ol><p>Whether you are planning a small private celebration or a large corporate event, at Caf\u00e9 96 we are ready to organize your event according to your wishes. Contact us today and let us make your event an unforgettable experience!<\/p><\/div><\/div>\n        <\/section>\t\t<\/div>\n\t\t\t\t<\/div>\n\t\t\t\t\t<\/div>\n\t\t<\/div>\n\t\t\t\t\t<\/div>\n\t\t<\/section>\n\t\t\t\t<section class=\"elementor-section elementor-top-section elementor-element elementor-element-58020e91 elementor-section-boxed elementor-section-height-default elementor-section-height-default\" data-id=\"58020e91\" data-element_type=\"section\">\n\t\t\t\t\t\t<div class=\"elementor-container elementor-column-gap-no\">\n\t\t\t\t\t<div class=\"aux-parallax-section elementor-column elementor-col-100 elementor-top-column elementor-element elementor-element-509ac1d8\" data-id=\"509ac1d8\" data-element_type=\"column\">\n\t\t\t<div class=\"elementor-widget-wrap elementor-element-populated\">\n\t\t\t\t\t\t<div class=\"elementor-element elementor-element-2b48a7a6 elementor-widget elementor-widget-aux_modern_heading\" data-id=\"2b48a7a6\" data-element_type=\"widget\" data-widget_type=\"aux_modern_heading.default\">\n\t\t\t\t<div class=\"elementor-widget-container\">\n\t\t\t<section class=\"aux-widget-modern-heading\">\n            <div class=\"aux-widget-inner\"><h5 class=\"aux-modern-heading-primary\"><\/h5><h3 class=\"aux-modern-heading-secondary\"><span class=\"aux-head-before\">PRICE LIST FOR RENT OF SPACE<\/span><\/h3><\/div>\n        <\/section>\t\t<\/div>\n\t\t\t\t<\/div>\n\t\t\t\t<div class=\"elementor-element elementor-element-8670ac3 elementor-widget elementor-widget-text-editor\" data-id=\"8670ac3\" data-element_type=\"widget\" data-widget_type=\"text-editor.default\">\n\t\t\t\t<div class=\"elementor-widget-container\">\n\t\t\t\t\t\t\t<p><strong><span style=\"font-size: 16.0016px;\">All spaces are air-conditioned. The price includes VAT.<br \/><\/span><\/strong><\/p>\t\t\t\t\t\t<\/div>\n\t\t\t\t<\/div>\n\t\t\t\t\t<\/div>\n\t\t<\/div>\n\t\t\t\t\t<\/div>\n\t\t<\/section>\n\t\t\t\t<section class=\"elementor-section elementor-top-section elementor-element elementor-element-80b2f15 elementor-section-boxed elementor-section-height-default elementor-section-height-default\" data-id=\"80b2f15\" data-element_type=\"section\">\n\t\t\t\t\t\t<div class=\"elementor-container elementor-column-gap-default\">\n\t\t\t\t\t<div class=\"aux-parallax-section elementor-column elementor-col-100 elementor-top-column elementor-element elementor-element-08013d6\" data-id=\"08013d6\" data-element_type=\"column\">\n\t\t\t<div class=\"elementor-widget-wrap elementor-element-populated\">\n\t\t\t\t\t\t<div class=\"elementor-element elementor-element-86a519f gallery-spacing-custom elementor-widget elementor-widget-image-gallery\" data-id=\"86a519f\" data-element_type=\"widget\" data-widget_type=\"image-gallery.default\">\n\t\t\t\t<div class=\"elementor-widget-container\">\n\t\t\t\t\t<div class=\"elementor-image-gallery\">\n\t\t\t<div id='gallery-1' class='gallery galleryid-702 gallery-columns-5 gallery-size-medium'><figure class='gallery-item'>\n\t\t\t<div class='gallery-icon portrait'>\n\t\t\t\t<a data-elementor-open-lightbox=\"yes\" data-elementor-lightbox-slideshow=\"86a519f\" data-elementor-lightbox-title=\"001\" data-e-action-hash=\"#elementor-action%3Aaction%3Dlightbox%26settings%3DeyJpZCI6NzE1LCJ1cmwiOiJodHRwczpcL1wvd3d3LmNhZmU5Ni5jelwvd3AtY29udGVudFwvdXBsb2Fkc1wvMDAxLmpwZyIsInNsaWRlc2hvdyI6Ijg2YTUxOWYifQ%3D%3D\" href='https:\/\/www.cafe96.cz\/wp-content\/uploads\/001.jpg'><img decoding=\"async\" width=\"300\" height=\"300\" src=\"https:\/\/www.cafe96.cz\/wp-content\/uploads\/001-300x300.jpg\" class=\"attachment-medium size-medium\" alt=\"\" srcset=\"https:\/\/www.cafe96.cz\/wp-content\/uploads\/001-300x300.jpg 300w, https:\/\/www.cafe96.cz\/wp-content\/uploads\/001-1024x1024.jpg 1024w, https:\/\/www.cafe96.cz\/wp-content\/uploads\/001-150x150.jpg 150w, https:\/\/www.cafe96.cz\/wp-content\/uploads\/001-768x768.jpg 768w\" sizes=\"(max-width: 300px) 100vw, 300px\" \/><\/a>\n\t\t\t<\/div><\/figure><figure class='gallery-item'>\n\t\t\t<div class='gallery-icon portrait'>\n\t\t\t\t<a data-elementor-open-lightbox=\"yes\" data-elementor-lightbox-slideshow=\"86a519f\" data-elementor-lightbox-title=\"002\" data-e-action-hash=\"#elementor-action%3Aaction%3Dlightbox%26settings%3DeyJpZCI6NzE2LCJ1cmwiOiJodHRwczpcL1wvd3d3LmNhZmU5Ni5jelwvd3AtY29udGVudFwvdXBsb2Fkc1wvMDAyLmpwZyIsInNsaWRlc2hvdyI6Ijg2YTUxOWYifQ%3D%3D\" href='https:\/\/www.cafe96.cz\/wp-content\/uploads\/002.jpg'><img decoding=\"async\" width=\"300\" height=\"300\" src=\"https:\/\/www.cafe96.cz\/wp-content\/uploads\/002-300x300.jpg\" class=\"attachment-medium size-medium\" alt=\"\" srcset=\"https:\/\/www.cafe96.cz\/wp-content\/uploads\/002-300x300.jpg 300w, https:\/\/www.cafe96.cz\/wp-content\/uploads\/002-1024x1024.jpg 1024w, https:\/\/www.cafe96.cz\/wp-content\/uploads\/002-150x150.jpg 150w, https:\/\/www.cafe96.cz\/wp-content\/uploads\/002-768x768.jpg 768w\" sizes=\"(max-width: 300px) 100vw, 300px\" \/><\/a>\n\t\t\t<\/div><\/figure><figure class='gallery-item'>\n\t\t\t<div class='gallery-icon portrait'>\n\t\t\t\t<a data-elementor-open-lightbox=\"yes\" data-elementor-lightbox-slideshow=\"86a519f\" data-elementor-lightbox-title=\"003\" data-e-action-hash=\"#elementor-action%3Aaction%3Dlightbox%26settings%3DeyJpZCI6NzE3LCJ1cmwiOiJodHRwczpcL1wvd3d3LmNhZmU5Ni5jelwvd3AtY29udGVudFwvdXBsb2Fkc1wvMDAzLmpwZyIsInNsaWRlc2hvdyI6Ijg2YTUxOWYifQ%3D%3D\" href='https:\/\/www.cafe96.cz\/wp-content\/uploads\/003.jpg'><img loading=\"lazy\" decoding=\"async\" width=\"300\" height=\"300\" src=\"https:\/\/www.cafe96.cz\/wp-content\/uploads\/003-300x300.jpg\" class=\"attachment-medium size-medium\" alt=\"\" srcset=\"https:\/\/www.cafe96.cz\/wp-content\/uploads\/003-300x300.jpg 300w, https:\/\/www.cafe96.cz\/wp-content\/uploads\/003-1024x1024.jpg 1024w, https:\/\/www.cafe96.cz\/wp-content\/uploads\/003-150x150.jpg 150w, https:\/\/www.cafe96.cz\/wp-content\/uploads\/003-768x768.jpg 768w\" sizes=\"(max-width: 300px) 100vw, 300px\" \/><\/a>\n\t\t\t<\/div><\/figure><figure class='gallery-item'>\n\t\t\t<div class='gallery-icon portrait'>\n\t\t\t\t<a data-elementor-open-lightbox=\"yes\" data-elementor-lightbox-slideshow=\"86a519f\" data-elementor-lightbox-title=\"004\" data-e-action-hash=\"#elementor-action%3Aaction%3Dlightbox%26settings%3DeyJpZCI6NzE4LCJ1cmwiOiJodHRwczpcL1wvd3d3LmNhZmU5Ni5jelwvd3AtY29udGVudFwvdXBsb2Fkc1wvMDA0LmpwZyIsInNsaWRlc2hvdyI6Ijg2YTUxOWYifQ%3D%3D\" href='https:\/\/www.cafe96.cz\/wp-content\/uploads\/004.jpg'><img loading=\"lazy\" decoding=\"async\" width=\"300\" height=\"300\" src=\"https:\/\/www.cafe96.cz\/wp-content\/uploads\/004-300x300.jpg\" class=\"attachment-medium size-medium\" alt=\"\" srcset=\"https:\/\/www.cafe96.cz\/wp-content\/uploads\/004-300x300.jpg 300w, https:\/\/www.cafe96.cz\/wp-content\/uploads\/004-1024x1024.jpg 1024w, https:\/\/www.cafe96.cz\/wp-content\/uploads\/004-150x150.jpg 150w, https:\/\/www.cafe96.cz\/wp-content\/uploads\/004-768x768.jpg 768w\" sizes=\"(max-width: 300px) 100vw, 300px\" \/><\/a>\n\t\t\t<\/div><\/figure><figure class='gallery-item'>\n\t\t\t<div class='gallery-icon portrait'>\n\t\t\t\t<a data-elementor-open-lightbox=\"yes\" data-elementor-lightbox-slideshow=\"86a519f\" data-elementor-lightbox-title=\"005\" data-e-action-hash=\"#elementor-action%3Aaction%3Dlightbox%26settings%3DeyJpZCI6NzE5LCJ1cmwiOiJodHRwczpcL1wvd3d3LmNhZmU5Ni5jelwvd3AtY29udGVudFwvdXBsb2Fkc1wvMDA1LmpwZyIsInNsaWRlc2hvdyI6Ijg2YTUxOWYifQ%3D%3D\" href='https:\/\/www.cafe96.cz\/wp-content\/uploads\/005.jpg'><img loading=\"lazy\" decoding=\"async\" width=\"300\" height=\"300\" src=\"https:\/\/www.cafe96.cz\/wp-content\/uploads\/005-300x300.jpg\" class=\"attachment-medium size-medium\" alt=\"\" srcset=\"https:\/\/www.cafe96.cz\/wp-content\/uploads\/005-300x300.jpg 300w, https:\/\/www.cafe96.cz\/wp-content\/uploads\/005-1024x1024.jpg 1024w, https:\/\/www.cafe96.cz\/wp-content\/uploads\/005-150x150.jpg 150w, https:\/\/www.cafe96.cz\/wp-content\/uploads\/005-768x768.jpg 768w\" sizes=\"(max-width: 300px) 100vw, 300px\" \/><\/a>\n\t\t\t<\/div><\/figure><figure class='gallery-item'>\n\t\t\t<div class='gallery-icon landscape'>\n\t\t\t\t<a data-elementor-open-lightbox=\"yes\" data-elementor-lightbox-slideshow=\"86a519f\" data-elementor-lightbox-title=\"006\" data-e-action-hash=\"#elementor-action%3Aaction%3Dlightbox%26settings%3DeyJpZCI6NzIwLCJ1cmwiOiJodHRwczpcL1wvd3d3LmNhZmU5Ni5jelwvd3AtY29udGVudFwvdXBsb2Fkc1wvMDA2LmpwZyIsInNsaWRlc2hvdyI6Ijg2YTUxOWYifQ%3D%3D\" href='https:\/\/www.cafe96.cz\/wp-content\/uploads\/006.jpg'><img loading=\"lazy\" decoding=\"async\" width=\"300\" height=\"300\" src=\"https:\/\/www.cafe96.cz\/wp-content\/uploads\/006-300x300.jpg\" class=\"attachment-medium size-medium\" alt=\"\" srcset=\"https:\/\/www.cafe96.cz\/wp-content\/uploads\/006-300x300.jpg 300w, https:\/\/www.cafe96.cz\/wp-content\/uploads\/006-1024x1024.jpg 1024w, https:\/\/www.cafe96.cz\/wp-content\/uploads\/006-150x150.jpg 150w, https:\/\/www.cafe96.cz\/wp-content\/uploads\/006-768x768.jpg 768w\" sizes=\"(max-width: 300px) 100vw, 300px\" \/><\/a>\n\t\t\t<\/div><\/figure><figure class='gallery-item'>\n\t\t\t<div class='gallery-icon portrait'>\n\t\t\t\t<a data-elementor-open-lightbox=\"yes\" data-elementor-lightbox-slideshow=\"86a519f\" data-elementor-lightbox-title=\"007\" data-e-action-hash=\"#elementor-action%3Aaction%3Dlightbox%26settings%3DeyJpZCI6NzIxLCJ1cmwiOiJodHRwczpcL1wvd3d3LmNhZmU5Ni5jelwvd3AtY29udGVudFwvdXBsb2Fkc1wvMDA3LmpwZyIsInNsaWRlc2hvdyI6Ijg2YTUxOWYifQ%3D%3D\" href='https:\/\/www.cafe96.cz\/wp-content\/uploads\/007.jpg'><img loading=\"lazy\" decoding=\"async\" width=\"300\" height=\"300\" src=\"https:\/\/www.cafe96.cz\/wp-content\/uploads\/007-300x300.jpg\" class=\"attachment-medium size-medium\" alt=\"\" srcset=\"https:\/\/www.cafe96.cz\/wp-content\/uploads\/007-300x300.jpg 300w, https:\/\/www.cafe96.cz\/wp-content\/uploads\/007-1024x1024.jpg 1024w, https:\/\/www.cafe96.cz\/wp-content\/uploads\/007-150x150.jpg 150w, https:\/\/www.cafe96.cz\/wp-content\/uploads\/007-768x768.jpg 768w\" sizes=\"(max-width: 300px) 100vw, 300px\" \/><\/a>\n\t\t\t<\/div><\/figure><figure class='gallery-item'>\n\t\t\t<div class='gallery-icon portrait'>\n\t\t\t\t<a data-elementor-open-lightbox=\"yes\" data-elementor-lightbox-slideshow=\"86a519f\" data-elementor-lightbox-title=\"008\" data-e-action-hash=\"#elementor-action%3Aaction%3Dlightbox%26settings%3DeyJpZCI6NzIyLCJ1cmwiOiJodHRwczpcL1wvd3d3LmNhZmU5Ni5jelwvd3AtY29udGVudFwvdXBsb2Fkc1wvMDA4LmpwZyIsInNsaWRlc2hvdyI6Ijg2YTUxOWYifQ%3D%3D\" href='https:\/\/www.cafe96.cz\/wp-content\/uploads\/008.jpg'><img loading=\"lazy\" decoding=\"async\" width=\"300\" height=\"300\" src=\"https:\/\/www.cafe96.cz\/wp-content\/uploads\/008-300x300.jpg\" class=\"attachment-medium size-medium\" alt=\"\" srcset=\"https:\/\/www.cafe96.cz\/wp-content\/uploads\/008-300x300.jpg 300w, https:\/\/www.cafe96.cz\/wp-content\/uploads\/008-1024x1024.jpg 1024w, https:\/\/www.cafe96.cz\/wp-content\/uploads\/008-150x150.jpg 150w, https:\/\/www.cafe96.cz\/wp-content\/uploads\/008-768x768.jpg 768w\" sizes=\"(max-width: 300px) 100vw, 300px\" \/><\/a>\n\t\t\t<\/div><\/figure><figure class='gallery-item'>\n\t\t\t<div class='gallery-icon portrait'>\n\t\t\t\t<a data-elementor-open-lightbox=\"yes\" data-elementor-lightbox-slideshow=\"86a519f\" data-elementor-lightbox-title=\"009\" data-e-action-hash=\"#elementor-action%3Aaction%3Dlightbox%26settings%3DeyJpZCI6NzIzLCJ1cmwiOiJodHRwczpcL1wvd3d3LmNhZmU5Ni5jelwvd3AtY29udGVudFwvdXBsb2Fkc1wvMDA5LmpwZyIsInNsaWRlc2hvdyI6Ijg2YTUxOWYifQ%3D%3D\" href='https:\/\/www.cafe96.cz\/wp-content\/uploads\/009.jpg'><img loading=\"lazy\" decoding=\"async\" width=\"300\" height=\"300\" src=\"https:\/\/www.cafe96.cz\/wp-content\/uploads\/009-300x300.jpg\" class=\"attachment-medium size-medium\" alt=\"\" srcset=\"https:\/\/www.cafe96.cz\/wp-content\/uploads\/009-300x300.jpg 300w, https:\/\/www.cafe96.cz\/wp-content\/uploads\/009-1024x1024.jpg 1024w, https:\/\/www.cafe96.cz\/wp-content\/uploads\/009-150x150.jpg 150w, https:\/\/www.cafe96.cz\/wp-content\/uploads\/009-768x768.jpg 768w\" sizes=\"(max-width: 300px) 100vw, 300px\" \/><\/a>\n\t\t\t<\/div><\/figure><figure class='gallery-item'>\n\t\t\t<div class='gallery-icon portrait'>\n\t\t\t\t<a data-elementor-open-lightbox=\"yes\" data-elementor-lightbox-slideshow=\"86a519f\" data-elementor-lightbox-title=\"010\" data-e-action-hash=\"#elementor-action%3Aaction%3Dlightbox%26settings%3DeyJpZCI6NzI0LCJ1cmwiOiJodHRwczpcL1wvd3d3LmNhZmU5Ni5jelwvd3AtY29udGVudFwvdXBsb2Fkc1wvMDEwLmpwZyIsInNsaWRlc2hvdyI6Ijg2YTUxOWYifQ%3D%3D\" href='https:\/\/www.cafe96.cz\/wp-content\/uploads\/010.jpg'><img loading=\"lazy\" decoding=\"async\" width=\"300\" height=\"300\" src=\"https:\/\/www.cafe96.cz\/wp-content\/uploads\/010-300x300.jpg\" class=\"attachment-medium size-medium\" alt=\"\" srcset=\"https:\/\/www.cafe96.cz\/wp-content\/uploads\/010-300x300.jpg 300w, https:\/\/www.cafe96.cz\/wp-content\/uploads\/010-1024x1024.jpg 1024w, https:\/\/www.cafe96.cz\/wp-content\/uploads\/010-150x150.jpg 150w, https:\/\/www.cafe96.cz\/wp-content\/uploads\/010-768x768.jpg 768w\" sizes=\"(max-width: 300px) 100vw, 300px\" \/><\/a>\n\t\t\t<\/div><\/figure>\n\t\t<\/div>\n\t\t<\/div>\n\t\t\t\t<\/div>\n\t\t\t\t<\/div>\n\t\t\t\t\t<\/div>\n\t\t<\/div>\n\t\t\t\t\t<\/div>\n\t\t<\/section>\n\t\t\t\t<\/div>","protected":false},"excerpt":{"rendered":"<p>Party a oslavy V\u00edtejte v Cafe 96 Ve Va\u0161em ide\u00e1ln\u00edm m\u00edst\u011b pro oslavy a spole\u010densk\u00e9 ud\u00e1losti! Chcete uspo\u0159\u00e1dat nezapomenutelnou oslavu, narozeninovou p\u00e1rty, firemn\u00ed setk\u00e1n\u00ed nebo jinou spole\u010denskou ud\u00e1lost? Caf\u00e9 96 v\u00e1m nab\u00edz\u00ed ide\u00e1ln\u00ed prost\u0159ed\u00ed pro va\u0161e speci\u00e1ln\u00ed p\u0159\u00edle\u017eitosti. Pro\u010d zvolit Cafe 96 pro va\u0161i ud\u00e1lost? Netradi\u010dn\u00ed a jedine\u010dn\u00e1 atmosf\u00e9ra: Caf\u00e9 96 v\u00e1m poskytne p\u0159\u00edjemn\u00fd a [&hellip;]<\/p>","protected":false},"author":1,"featured_media":0,"parent":0,"menu_order":0,"comment_status":"closed","ping_status":"closed","template":"templates\/page-builder-content.php","meta":{"footnotes":""},"_links":{"self":[{"href":"https:\/\/www.cafe96.cz\/en\/wp-json\/wp\/v2\/pages\/702"}],"collection":[{"href":"https:\/\/www.cafe96.cz\/en\/wp-json\/wp\/v2\/pages"}],"about":[{"href":"https:\/\/www.cafe96.cz\/en\/wp-json\/wp\/v2\/types\/page"}],"author":[{"embeddable":true,"href":"https:\/\/www.cafe96.cz\/en\/wp-json\/wp\/v2\/users\/1"}],"replies":[{"embeddable":true,"href":"https:\/\/www.cafe96.cz\/en\/wp-json\/wp\/v2\/comments?post=702"}],"version-history":[{"count":31,"href":"https:\/\/www.cafe96.cz\/en\/wp-json\/wp\/v2\/pages\/702\/revisions"}],"predecessor-version":[{"id":786,"href":"https:\/\/www.cafe96.cz\/en\/wp-json\/wp\/v2\/pages\/702\/revisions\/786"}],"wp:attachment":[{"href":"https:\/\/www.cafe96.cz\/en\/wp-json\/wp\/v2\/media?parent=702"}],"curies":[{"name":"wp","href":"https:\/\/api.w.org\/{rel}","templated":true}]}}